{"id":43947,"date":"2024-09-12T16:03:41","date_gmt":"2024-09-12T13:03:41","guid":{"rendered":"https:\/\/okanmorkoc.com\/yeni\/contact\/"},"modified":"2025-12-30T13:24:55","modified_gmt":"2025-12-30T10:24:55","slug":"contact","status":"publish","type":"page","link":"https:\/\/okanmorkoc.com\/fr\/contact\/","title":{"rendered":"Contact"},"content":{"rendered":"\t\t<div data-elementor-type=\"wp-page\" data-elementor-id=\"43947\" class=\"elementor elementor-43947 elementor-38573\">\n\t\t\t\t<div class=\"elementor-element elementor-element-c8cfedf e-con-full e-flex cmsmasters-block-default e-con e-parent\" data-id=\"c8cfedf\" data-element_type=\"container\">\n\t\t<div class=\"elementor-element elementor-element-8ea4348 e-con-full e-flex cmsmasters-block-default e-con e-child\" data-id=\"8ea4348\" data-element_type=\"container\" data-settings=\"{&quot;background_background&quot;:&quot;classic&quot;}\">\n\t\t\t\t<div class=\"elementor-element elementor-element-f76d7cd cmsmasters-block-default cmsmasters-sticky-default elementor-widget elementor-widget-google_maps\" data-id=\"f76d7cd\" data-element_type=\"widget\" data-widget_type=\"google_maps.default\">\n\t\t\t\t<div class=\"elementor-widget-container\">\n\t\t\t\t\t\t\t<div class=\"elementor-custom-embed\">\n\t\t\t<iframe loading=\"lazy\"\n\t\t\t\t\tsrc=\"https:\/\/maps.google.com\/maps?q=dr%20okan%20morkoc&#038;t=m&#038;z=13&#038;output=embed&#038;iwloc=near\"\n\t\t\t\t\ttitle=\"dr okan morkoc\"\n\t\t\t\t\taria-label=\"dr okan morkoc\"\n\t\t\t><\/iframe>\n\t\t<\/div>\n\t\t\t\t\t\t<\/div>\n\t\t\t\t<\/div>\n\t\t\t\t<\/div>\n\t\t<div class=\"elementor-element elementor-element-c5011b4 e-con-full e-flex cmsmasters-bg-hide-none cmsmasters-bg-hide-none cmsmasters-block-default e-con e-child\" data-id=\"c5011b4\" data-element_type=\"container\" data-settings=\"{&quot;background_background&quot;:&quot;classic&quot;}\">\n\t\t\t\t<div class=\"elementor-element elementor-element-85da8b4 cmsmasters-block-default cmsmasters-sticky-default elementor-widget elementor-widget-button\" data-id=\"85da8b4\" data-element_type=\"widget\" data-widget_type=\"button.default\">\n\t\t\t\t<div class=\"elementor-widget-container\">\n\t\t\t\t\t\t\t\t\t<div class=\"elementor-button-wrapper\">\n\t\t\t\t\t<a class=\"elementor-button elementor-size-sm\" role=\"button\">\n\t\t\t\t\t\t<span class=\"elementor-button-content-wrapper\">\n\t\t\t\t\t\t\t\t\t<span class=\"elementor-button-text\">COMMUNICATION<\/span>\n\t\t\t\t\t<\/span>\n\t\t\t\t\t<\/a>\n\t\t\t\t<\/div>\n\t\t\t\t\t\t\t\t<\/div>\n\t\t\t\t<\/div>\n\t\t\t\t<div class=\"elementor-element elementor-element-44fa369 cmsmasters-block-default cmsmasters-sticky-default elementor-widget elementor-widget-heading\" data-id=\"44fa369\" data-element_type=\"widget\" data-widget_type=\"heading.default\">\n\t\t\t\t<div class=\"elementor-widget-container\">\n\t\t\t\t\t<h1 class=\"elementor-heading-title elementor-size-default\">NOUS SOMMES L\u00c0 POUR VOUS \u00c0 TOUT MOMENT !<\/h1>\t\t\t\t<\/div>\n\t\t\t\t<\/div>\n\t\t<div class=\"elementor-element elementor-element-85076ff e-con-full e-flex cmsmasters-block-default e-con e-child\" data-id=\"85076ff\" data-element_type=\"container\">\n\t\t\t\t<div class=\"elementor-element elementor-element-eaadd3f cmsmasters-block-default cmsmasters-sticky-default elementor-widget elementor-widget-cmsmasters-button\" data-id=\"eaadd3f\" data-element_type=\"widget\" data-widget_type=\"cmsmasters-button.default\">\n\t\t\t\t<div class=\"elementor-widget-container\">\n\t\t\t\t\t<div class=\"elementor-widget-cmsmasters-button__button-container\"><div class=\"elementor-widget-cmsmasters-button__button-container-inner\"><a href=\"#cmsmasters-popup-119\" class=\"cmsmasters-button-link elementor-widget-cmsmasters-button__button cmsmasters-icon-view- cmsmasters-icon-shape- cmsmasters-button-size-sm\" role=\"button\"><span class=\"elementor-widget-cmsmasters-button__content-wrapper cmsmasters-align-icon-\"><span class=\"elementor-widget-cmsmasters-button__text\">OBTENIR DES INFORMATIONS MAINTENANT<\/span><\/span><\/a><\/div><\/div><div class='animated elementor-popup-modal cmsmasters-elementor-popup cmsmasters-elementor-popup-119' data-popup-id='119'><div data-elementor-type=\"cmsmasters_popup\" data-elementor-id=\"43788\" class=\"elementor elementor-43788 elementor-119\" data-elementor-settings=\"{&quot;cms_close_button_icon&quot;:{&quot;value&quot;:&quot;cmsmsdemo-icon- cmsms-demo-icon-cancel&quot;,&quot;library&quot;:&quot;Local-Icons&quot;}}\" data-cms-icon=\"&lt;i aria-hidden=&quot;true&quot; class=&quot;cmsmsdemo-icon- cmsms-demo-icon-cancel&quot;&gt;&lt;\/i&gt;\">\t\t\t<div class=\"elementor-inner\">\n\t\t\t\t<div class=\"elementor-section-wrap\">\n\t\t\t\t\t<div class=\"elementor-element elementor-element-6efd9008 e-flex e-con-boxed cmsmasters-block-default e-con e-parent\" data-id=\"6efd9008\" data-element_type=\"container\">\n\t\t\t\t\t<div class=\"e-con-inner\">\n\t\t<div class=\"elementor-element elementor-element-32930097 e-con-full elementor-hidden-tablet elementor-hidden-mobile e-flex cmsmasters-bg-hide-none cmsmasters-bg-hide-none cmsmasters-block-default e-con e-child\" data-id=\"32930097\" data-element_type=\"container\" data-settings=\"{&quot;background_background&quot;:&quot;classic&quot;}\">\n\t\t\t\t<div class=\"elementor-element elementor-element-5ecf5443 cmsmasters-block-default cmsmasters-sticky-default elementor-widget elementor-widget-spacer\" data-id=\"5ecf5443\" data-element_type=\"widget\" data-widget_type=\"spacer.default\">\n\t\t\t\t<div class=\"elementor-widget-container\">\n\t\t\t\t\t\t\t<div class=\"elementor-spacer\">\n\t\t\t<div class=\"elementor-spacer-inner\"><\/div>\n\t\t<\/div>\n\t\t\t\t\t\t<\/div>\n\t\t\t\t<\/div>\n\t\t\t\t<\/div>\n\t\t<div class=\"elementor-element elementor-element-bff64e6 e-con-full e-flex cmsmasters-bg-hide-none cmsmasters-bg-hide-none cmsmasters-block-default e-con e-child\" data-id=\"bff64e6\" data-element_type=\"container\" data-settings=\"{&quot;background_background&quot;:&quot;classic&quot;}\">\n\t\t\t\t<div class=\"elementor-element elementor-element-6e91e51d cmsmasters-block-default cmsmasters-sticky-default elementor-widget elementor-widget-heading\" data-id=\"6e91e51d\" data-element_type=\"widget\" data-widget_type=\"heading.default\">\n\t\t\t\t<div class=\"elementor-widget-container\">\n\t\t\t\t\t<h3 class=\"elementor-heading-title elementor-size-default\">Contactez nous !<\/h3>\t\t\t\t<\/div>\n\t\t\t\t<\/div>\n\t\t\t\t<div class=\"elementor-element elementor-element-4742c5f6 elementor-widget-tablet__width-inherit elementor-widget__width-inherit cmsmasters-block-default cmsmasters-sticky-default elementor-widget elementor-widget-cmsmasters-forminator\" data-id=\"4742c5f6\" data-element_type=\"widget\" data-settings=\"{&quot;form_list&quot;:&quot;42&quot;}\" data-widget_type=\"cmsmasters-forminator.default\">\n\t\t\t\t<div class=\"elementor-widget-container\">\n\t\t\t\t\t<div class=\"elementor-widget-cmsmasters-contact-form__wrapper elementor-widget-cmsmasters-contact-form cmsmasters-default-color cmsmasters-default-font\" id=\"cmsmasters-widget-form-4742c5f6\">\n\t\t\t<div class=\"elementor-widget-cmsmasters-contact-form__inner\"><div class=\"forminator-ui forminator-custom-form forminator-custom-form-42 forminator-design--default forminator-custom forminator_ajax\" data-forminator-render=\"0\" data-form=\"forminator-module-42\" data-uid=\"69f0d0f821079\"><br\/><\/div><form\n\t\t\t\tid=\"forminator-module-42\"\n\t\t\t\tclass=\"forminator-ui forminator-custom-form forminator-custom-form-42 forminator-design--default forminator-custom forminator_ajax\"\n\t\t\t\tmethod=\"post\"\n\t\t\t\tdata-forminator-render=\"0\"\n\t\t\t\tdata-form-id=\"42\"\n\t\t\t\t\n\t\t\t\tdata-design=\"default\"\n\t\t\t\t\n\t\t\t\t\n\t\t\t\t\n\t\t\t\tdata-grid=\"custom\"\n\t\t\t\t\n\t\t\t\t\n\t\t\t\tstyle=\"display: none;\"\n\t\t\t\t\n\t\t\t\tdata-uid=\"69f0d0f821079\"\n\t\t\t><div role=\"alert\" aria-live=\"polite\" class=\"forminator-response-message forminator-error\" aria-hidden=\"true\"><\/div><div class=\"forminator-row\"><div id=\"name-1\" class=\"forminator-field-name forminator-col forminator-col-12 \"><div class=\"forminator-field\"><label for=\"forminator-field-name-1_69f0d0f821079\" id=\"forminator-field-name-1_69f0d0f821079-label\" class=\"forminator-label\">Name <span class=\"forminator-required\">*<\/span><\/label><input type=\"text\" name=\"name-1\" value=\"\" placeholder=\"\" id=\"forminator-field-name-1_69f0d0f821079\" class=\"forminator-input forminator-name--field\" aria-required=\"true\" \/><\/div><\/div><\/div><div class=\"forminator-row\"><div id=\"phone-1\" class=\"forminator-field-phone forminator-col forminator-col-12 \"><div class=\"forminator-field\"><label for=\"forminator-field-phone-1_69f0d0f821079\" id=\"forminator-field-phone-1_69f0d0f821079-label\" class=\"forminator-label\">Phone<\/label><input type=\"text\" name=\"phone-1\" value=\"\" placeholder=\"\" id=\"forminator-field-phone-1_69f0d0f821079\" class=\"forminator-input forminator-field--phone\" data-required=\"\" aria-required=\"false\" autocomplete=\"off\" \/><\/div><\/div><\/div><div class=\"forminator-row\"><div id=\"email-1\" class=\"forminator-field-email forminator-col forminator-col-12 \"><div class=\"forminator-field\"><label for=\"forminator-field-email-1_69f0d0f821079\" id=\"forminator-field-email-1_69f0d0f821079-label\" class=\"forminator-label\">E-mail<\/label><input type=\"email\" name=\"email-1\" value=\"\" placeholder=\"E.g. john@doe.com\" id=\"forminator-field-email-1_69f0d0f821079\" class=\"forminator-input forminator-email--field\" data-required=\"\" aria-required=\"false\" \/><\/div><\/div><\/div><input type=\"hidden\" name=\"referer_url\" value=\"\" \/><div class=\"forminator-row forminator-row-last\"><div class=\"forminator-col\"><div class=\"forminator-field\"><button class=\"forminator-button forminator-button-submit\">SEND<\/button><\/div><\/div><\/div><input type=\"hidden\" id=\"forminator_nonce\" name=\"forminator_nonce\" value=\"7c4666ba70\" \/><input type=\"hidden\" name=\"_wp_http_referer\" value=\"\/fr\/wp-json\/wp\/v2\/pages\/43947\" \/><input type=\"hidden\" name=\"form_id\" value=\"42\"><input type=\"hidden\" name=\"page_id\" value=\"43947\"><input type=\"hidden\" name=\"form_type\" value=\"default\"><input type=\"hidden\" name=\"current_url\" value=\"https:\/\/okanmorkoc.com\/fr\/contact\/\"><input type=\"hidden\" name=\"render_id\" value=\"0\"><input type=\"hidden\" name=\"action\" value=\"forminator_submit_form_custom-forms\"><\/form><\/div>\n\t\t<\/div>\t\t\t\t<\/div>\n\t\t\t\t<\/div>\n\t\t\t\t<\/div>\n\t\t\t\t\t<\/div>\n\t\t\t\t<\/div>\n\t\t\t\t\t\t<\/div>\n\t\t\t<\/div>\n\t\t<\/div><\/div>\t\t\t\t<\/div>\n\t\t\t\t<\/div>\n\t\t\t\t<div class=\"elementor-element elementor-element-e40afe2 cmsmasters-widget-marker-view-stacked cmsmasters-widget-layout-row cmsmasters-widget-align-stretch cmsmasters-widget-direction-default cmsmasters-widget-marker-element-icon cmsmasters-widget-marker-shape-circle cmsmasters-block-default cmsmasters-sticky-default elementor-widget elementor-widget-cmsmasters-icon-list cmsmasters-widget-icon-list\" data-id=\"e40afe2\" data-element_type=\"widget\" data-widget_type=\"cmsmasters-icon-list.default\">\n\t\t\t\t<div class=\"elementor-widget-container\">\n\t\t\t\t\t\t\t<ul class=\"cmsmasters-widget-icon-list-items\">\n\t\t\t\t\t\t\t<li class=\"cmsmasters-widget-icon-list-item active-icon-item active-link-item\">\n\t\t\t\t<a href=\"tel:+905379543043\">\t\t\t\t<span class=\"cmsmasters-widget-icon-list-item-text-wrap\">\n\t\t\t\t\t\t\t\t\t\t\t<span class=\"cmsmasters-widget-icon-list-item-icon\">\n\t\t\t\t\t\t\t<span>\n\t\t\t\t\t\t\t\t\t\t\t\t\t\t\t\t\t<i aria-hidden=\"true\" class=\"cmsmsdemo-icon- cmsms-demo-icon-phone\"><\/i>\t\t\t\t\t\t\t\t\t\t\t\t\t\t\t<\/span>\n\t\t\t\t\t\t<\/span>\n\t\t\t\t\t\t\t\t\t\t<span class=\"cmsmasters-widget-icon-list-item-text-inner\">\n\t\t\t\t\t\t<span class=\"cmsmasters-widget-icon-list-item-text\">\n\t\t\t\t\t\t\t+90 537 954 30 43\t\t\t\t\t\t<\/span>\n\t\t\t\t\t\t\t\t\t\t\t<\/span>\n\t\t\t\t<\/span>\n\t\t\t\t<\/a>\t\t\t\t<\/li>\n\t\t\t\t\t<\/ul>\n\t\t\t\t\t\t<\/div>\n\t\t\t\t<\/div>\n\t\t\t\t<\/div>\n\t\t\t\t<\/div>\n\t\t\t\t<\/div>\n\t\t<div class=\"elementor-element elementor-element-739d881 e-flex e-con-boxed cmsmasters-block-default e-con e-parent\" data-id=\"739d881\" data-element_type=\"container\">\n\t\t\t\t\t<div class=\"e-con-inner\">\n\t\t<div class=\"elementor-element elementor-element-3fceefb e-con-full e-flex cmsmasters-block-default e-con e-child\" data-id=\"3fceefb\" data-element_type=\"container\">\n\t\t\t\t<div class=\"elementor-element elementor-element-2a0e5ac elementor-widget__width-initial cmsmasters-block-default cmsmasters-sticky-default elementor-widget elementor-widget-heading\" data-id=\"2a0e5ac\" data-element_type=\"widget\" data-widget_type=\"heading.default\">\n\t\t\t\t<div class=\"elementor-widget-container\">\n\t\t\t\t\t<h2 class=\"elementor-heading-title elementor-size-default\">COORDONN\u00c9ES<\/h2>\t\t\t\t<\/div>\n\t\t\t\t<\/div>\n\t\t\t\t<div class=\"elementor-element elementor-element-c6dddfa cmsmasters-block-default cmsmasters-sticky-default elementor-widget elementor-widget-text-editor\" data-id=\"c6dddfa\" data-element_type=\"widget\" data-widget_type=\"text-editor.default\">\n\t\t\t\t<div class=\"elementor-widget-container\">\n\t\t\t\t\t\t\t\t\t<p>Apprenez-en davantage sur notre clinique et nos m\u00e9decins et pourquoi tant de familles de notre communaut\u00e9 leur font confiance.<\/p>\n\t\t\t\t\t\t\t\t<\/div>\n\t\t\t\t<\/div>\n\t\t<div class=\"elementor-element elementor-element-684a7f0 e-con-full e-flex cmsmasters-block-default e-con e-child\" data-id=\"684a7f0\" data-element_type=\"container\">\n\t\t<div class=\"elementor-element elementor-element-7e1aaba e-con-full e-flex cmsmasters-block-default e-con e-child\" data-id=\"7e1aaba\" data-element_type=\"container\">\n\t\t\t\t<div class=\"elementor-element elementor-element-a9ba3d7 cmsmasters-block-default cmsmasters-sticky-default elementor-widget elementor-widget-heading\" data-id=\"a9ba3d7\" data-element_type=\"widget\" data-widget_type=\"heading.default\">\n\t\t\t\t<div class=\"elementor-widget-container\">\n\t\t\t\t\t<h6 class=\"elementor-heading-title elementor-size-default\">Adresse<\/h6>\t\t\t\t<\/div>\n\t\t\t\t<\/div>\n\t\t\t\t<div class=\"elementor-element elementor-element-56298d0 cmsmasters-block-default cmsmasters-sticky-default elementor-widget elementor-widget-text-editor\" data-id=\"56298d0\" data-element_type=\"widget\" data-widget_type=\"text-editor.default\">\n\t\t\t\t<div class=\"elementor-widget-container\">\n\t\t\t\t\t\t\t\t\t<p>Fulya, Mevl\u00fct Pehlivan Sk. No:12, 34387 \u015ei\u015fli\/\u0130stanbul <\/p>\n\t\t\t\t\t\t\t\t<\/div>\n\t\t\t\t<\/div>\n\t\t\t\t<\/div>\n\t\t<div class=\"elementor-element elementor-element-894904e e-con-full e-flex cmsmasters-block-default e-con e-child\" data-id=\"894904e\" data-element_type=\"container\">\n\t\t\t\t<div class=\"elementor-element elementor-element-8a50e2a cmsmasters-block-default cmsmasters-sticky-default elementor-widget elementor-widget-heading\" data-id=\"8a50e2a\" data-element_type=\"widget\" data-widget_type=\"heading.default\">\n\t\t\t\t<div class=\"elementor-widget-container\">\n\t\t\t\t\t<h6 class=\"elementor-heading-title elementor-size-default\">MAil<\/h6>\t\t\t\t<\/div>\n\t\t\t\t<\/div>\n\t\t\t\t<div class=\"elementor-element elementor-element-26d00e4 cmsmasters-block-default cmsmasters-sticky-default elementor-widget elementor-widget-text-editor\" data-id=\"26d00e4\" data-element_type=\"widget\" data-widget_type=\"text-editor.default\">\n\t\t\t\t<div class=\"elementor-widget-container\">\n\t\t\t\t\t\t\t\t\t<p>info@okanmorkoc.com<\/p>\n\t\t\t\t\t\t\t\t<\/div>\n\t\t\t\t<\/div>\n\t\t\t\t<\/div>\n\t\t\t\t<\/div>\n\t\t\t\t<\/div>\n\t\t<div class=\"elementor-element elementor-element-a506bc1 e-con-full e-flex cmsmasters-block-default e-con e-child\" data-id=\"a506bc1\" data-element_type=\"container\">\n\t\t\t\t<div class=\"elementor-element elementor-element-8309adf cmsmasters-block-default cmsmasters-sticky-default elementor-widget elementor-widget-cmsmasters-forminator\" data-id=\"8309adf\" data-element_type=\"widget\" data-settings=\"{&quot;form_list&quot;:&quot;44&quot;}\" data-widget_type=\"cmsmasters-forminator.default\">\n\t\t\t\t<div class=\"elementor-widget-container\">\n\t\t\t\t\t<div class=\"elementor-widget-cmsmasters-contact-form__wrapper elementor-widget-cmsmasters-contact-form cmsmasters-default-color cmsmasters-default-font\" id=\"cmsmasters-widget-form-8309adf\">\n\t\t\t<div class=\"elementor-widget-cmsmasters-contact-form__inner\"><div class=\"forminator-ui forminator-custom-form forminator-custom-form-44 forminator-design--default forminator-custom forminator_ajax\" data-forminator-render=\"0\" data-form=\"forminator-module-44\" data-uid=\"69f0d0f82d579\"><br\/><\/div><form\n\t\t\t\tid=\"forminator-module-44\"\n\t\t\t\tclass=\"forminator-ui forminator-custom-form forminator-custom-form-44 forminator-design--default forminator-custom forminator_ajax\"\n\t\t\t\tmethod=\"post\"\n\t\t\t\tdata-forminator-render=\"0\"\n\t\t\t\tdata-form-id=\"44\"\n\t\t\t\t\n\t\t\t\tdata-design=\"default\"\n\t\t\t\t\n\t\t\t\t\n\t\t\t\t\n\t\t\t\tdata-grid=\"custom\"\n\t\t\t\t\n\t\t\t\t\n\t\t\t\tstyle=\"display: none;\"\n\t\t\t\t\n\t\t\t\tdata-uid=\"69f0d0f82d579\"\n\t\t\t><div role=\"alert\" aria-live=\"polite\" class=\"forminator-response-message forminator-error\" aria-hidden=\"true\"><\/div><div class=\"forminator-row\"><div id=\"name-1\" class=\"forminator-field-name forminator-col forminator-col-6 \"><div class=\"forminator-field\"><label for=\"forminator-field-name-1_69f0d0f82d579\" id=\"forminator-field-name-1_69f0d0f82d579-label\" class=\"forminator-label\">Name<\/label><input type=\"text\" name=\"name-1\" value=\"\" placeholder=\"\" id=\"forminator-field-name-1_69f0d0f82d579\" class=\"forminator-input forminator-name--field\" aria-required=\"false\" \/><\/div><\/div><div id=\"email-1\" class=\"forminator-field-email forminator-col forminator-col-6 \"><div class=\"forminator-field\"><label for=\"forminator-field-email-1_69f0d0f82d579\" id=\"forminator-field-email-1_69f0d0f82d579-label\" class=\"forminator-label\">E-Mail<\/label><input type=\"email\" name=\"email-1\" value=\"\" placeholder=\"\" id=\"forminator-field-email-1_69f0d0f82d579\" class=\"forminator-input forminator-email--field\" data-required=\"\" aria-required=\"false\" \/><\/div><\/div><\/div><div class=\"forminator-row\"><div id=\"textarea-1\" class=\"forminator-field-textarea forminator-col forminator-col-12 \"><div class=\"forminator-field\"><label for=\"forminator-field-textarea-1_69f0d0f82d579\" id=\"forminator-field-textarea-1_69f0d0f82d579-label\" class=\"forminator-label\">Your Message<\/label><textarea name=\"textarea-1\" placeholder=\"\" id=\"forminator-field-textarea-1_69f0d0f82d579\" class=\"forminator-textarea\" rows=\"6\" style=\"min-height:140px;\" ><\/textarea><\/div><\/div><\/div><input type=\"hidden\" name=\"referer_url\" value=\"\" \/><div class=\"forminator-row forminator-row-last\"><div class=\"forminator-col\"><div class=\"forminator-field\"><button class=\"forminator-button forminator-button-submit\">Send Message<\/button><\/div><\/div><\/div><input type=\"hidden\" id=\"forminator_nonce\" name=\"forminator_nonce\" value=\"cc53671231\" \/><input type=\"hidden\" name=\"_wp_http_referer\" value=\"\/fr\/wp-json\/wp\/v2\/pages\/43947\" \/><input type=\"hidden\" name=\"form_id\" value=\"44\"><input type=\"hidden\" name=\"page_id\" value=\"43947\"><input type=\"hidden\" name=\"form_type\" value=\"default\"><input type=\"hidden\" name=\"current_url\" value=\"https:\/\/okanmorkoc.com\/fr\/contact\/\"><input type=\"hidden\" name=\"render_id\" value=\"0\"><input type=\"hidden\" name=\"action\" value=\"forminator_submit_form_custom-forms\"><\/form><\/div>\n\t\t<\/div>\t\t\t\t<\/div>\n\t\t\t\t<\/div>\n\t\t\t\t<\/div>\n\t\t\t\t\t<\/div>\n\t\t\t\t<\/div>\n\t\t\t\t<\/div>\n\t\t","protected":false},"excerpt":{"rendered":"<p>COMMUNICATION NOUS SOMMES L\u00c0 POUR VOUS \u00c0 TOUT MOMENT ! OBTENIR DES INFORMATIONS MAINTENANT Bizimle ileti\u015fime Ge\u00e7in! +90 537 954 30 43 COORDONN\u00c9ES Apprenez-en davantage sur notre clinique et nos m\u00e9decins et pourquoi tant de familles de notre communaut\u00e9 leur font confiance. Adresse Fulya, Mevl\u00fct Pehlivan Sk. No:12, 34387 \u015ei\u015fli\/\u0130stanbul MAil info@okanmorkoc.com<\/p>\n","protected":false},"author":1,"featured_media":0,"parent":0,"menu_order":0,"comment_status":"closed","ping_status":"closed","template":"elementor_header_footer","meta":{"_acf_changed":false,"footnotes":""},"class_list":["post-43947","page","type-page","status-publish","hentry"],"acf":[],"_links":{"self":[{"href":"https:\/\/okanmorkoc.com\/fr\/wp-json\/wp\/v2\/pages\/43947","targetHints":{"allow":["GET"]}}],"collection":[{"href":"https:\/\/okanmorkoc.com\/fr\/wp-json\/wp\/v2\/pages"}],"about":[{"href":"https:\/\/okanmorkoc.com\/fr\/wp-json\/wp\/v2\/types\/page"}],"author":[{"embeddable":true,"href":"https:\/\/okanmorkoc.com\/fr\/wp-json\/wp\/v2\/users\/1"}],"replies":[{"embeddable":true,"href":"https:\/\/okanmorkoc.com\/fr\/wp-json\/wp\/v2\/comments?post=43947"}],"version-history":[{"count":4,"href":"https:\/\/okanmorkoc.com\/fr\/wp-json\/wp\/v2\/pages\/43947\/revisions"}],"predecessor-version":[{"id":44657,"href":"https:\/\/okanmorkoc.com\/fr\/wp-json\/wp\/v2\/pages\/43947\/revisions\/44657"}],"wp:attachment":[{"href":"https:\/\/okanmorkoc.com\/fr\/wp-json\/wp\/v2\/media?parent=43947"}],"curies":[{"name":"wp","href":"https:\/\/api.w.org\/{rel}","templated":true}]}}